{"id":397,"date":"2023-10-20T09:00:16","date_gmt":"2023-10-20T07:00:16","guid":{"rendered":"https:\/\/ecurieloschito.fr\/?page_id=397"},"modified":"2026-04-03T14:02:54","modified_gmt":"2026-04-03T12:02:54","slug":"a-propos","status":"publish","type":"page","link":"https:\/\/ecurieloschito.fr\/index.php\/a-propos\/","title":{"rendered":"A propos"},"content":{"rendered":"\t\t<div data-elementor-type=\"wp-page\" data-elementor-id=\"397\" class=\"elementor elementor-397\">\n\t\t\t\t\t\t\t<div class=\"elementor-element elementor-element-2804491 e-flex e-con-boxed e-con e-parent\" data-id=\"2804491\" data-element_type=\"container\" data-settings=\"{&quot;content_width&quot;:&quot;boxed&quot;}\" data-core-v316-plus=\"true\">\n\t\t\t\t\t<div class=\"e-con-inner\">\n\t\t\t\t<div class=\"elementor-element elementor-element-36c9580 elementor-widget elementor-widget-heading\" data-id=\"36c9580\" data-element_type=\"widget\" data-widget_type=\"heading.default\">\n\t\t\t\t<div class=\"elementor-widget-container\">\n\t\t\t<style>\/*! elementor - v3.16.0 - 09-10-2023 *\/\n.elementor-heading-title{padding:0;margin:0;line-height:1}.elementor-widget-heading .elementor-heading-title[class*=elementor-size-]>a{color:inherit;font-size:inherit;line-height:inherit}.elementor-widget-heading .elementor-heading-title.elementor-size-small{font-size:15px}.elementor-widget-heading .elementor-heading-title.elementor-size-medium{font-size:19px}.elementor-widget-heading .elementor-heading-title.elementor-size-large{font-size:29px}.elementor-widget-heading .elementor-heading-title.elementor-size-xl{font-size:39px}.elementor-widget-heading .elementor-heading-title.elementor-size-xxl{font-size:59px}<\/style><h2 class=\"elementor-heading-title elementor-size-default\">\u00e0 propos<\/h2>\t\t<\/div>\n\t\t\t\t<\/div>\n\t\t\t\t\t<\/div>\n\t\t\t\t<\/div>\n\t\t<div class=\"elementor-element elementor-element-dec1cd5 e-flex e-con-boxed e-con e-parent\" data-id=\"dec1cd5\" data-element_type=\"container\" data-settings=\"{&quot;content_width&quot;:&quot;boxed&quot;}\" data-core-v316-plus=\"true\">\n\t\t\t\t\t<div class=\"e-con-inner\">\n\t\t<div class=\"elementor-element elementor-element-ec1b3fd e-con-full e-flex e-con e-child\" data-id=\"ec1b3fd\" data-element_type=\"container\" data-settings=\"{&quot;content_width&quot;:&quot;full&quot;}\">\n\t\t\t\t<div class=\"elementor-element elementor-element-fe6e35d elementor-widget elementor-widget-text-editor\" data-id=\"fe6e35d\" data-element_type=\"widget\" data-widget_type=\"text-editor.default\">\n\t\t\t\t<div class=\"elementor-widget-container\">\n\t\t\t<style>\/*! elementor - v3.16.0 - 09-10-2023 *\/\n.elementor-widget-text-editor.elementor-drop-cap-view-stacked .elementor-drop-cap{background-color:#69727d;color:#fff}.elementor-widget-text-editor.elementor-drop-cap-view-framed .elementor-drop-cap{color:#69727d;border:3px solid;background-color:transparent}.elementor-widget-text-editor:not(.elementor-drop-cap-view-default) .elementor-drop-cap{margin-top:8px}.elementor-widget-text-editor:not(.elementor-drop-cap-view-default) .elementor-drop-cap-letter{width:1em;height:1em}.elementor-widget-text-editor .elementor-drop-cap{float:left;text-align:center;line-height:1;font-size:50px}.elementor-widget-text-editor .elementor-drop-cap-letter{display:inline-block}<\/style>\t\t\t\t<p><strong>NOTRE VISION<\/strong><\/p><p>Le cheval est, a toujours \u00e9t\u00e9 et restera notre priorit\u00e9 dans chacun des choix que nous ferons.\u00a0 Dans nos diverses exp\u00e9riences de vie, nous avons trop souvent \u00e9t\u00e9 confront\u00e9s \u00e0 des situations dans lesquelles le cheval p\u00e2tissait soit de l&rsquo;ignorance des humains, soit pire encore, de son m\u00e9pris.<\/p><p>Nous voulons aujourd&rsquo;hui permettre aux propri\u00e9taires d&rsquo;\u00eatre sereins, de laisser leurs chevaux en toute confiance afin que ces derniers puissent \u00eatre choy\u00e9s comme il se doit m\u00eame si cela implique des contraintes au quotidien.\u00a0<br \/>Nous savons que chaque cheval est diff\u00e9rent et a besoin de choses propres \u00e0 lui que nous mettrons en place avec joie dans une relation de confiance avec son propri\u00e9taire qui le connait mieux que personne.<\/p><p>Pour nos cavaliers en demi-pensions, nous souhaitons leur proposer une \u00e9quitation responsable et respectueuse des chevaux. Chaque cheval d&rsquo;instruction est consid\u00e9r\u00e9 comme un cheval de propri\u00e9taire et a le droit aux m\u00eames attentions car sa mission au sein\u00a0 de notre \u00e9curie est tout aussi louable si ce n&rsquo;est plus.<\/p>\t\t\t\t\t\t<\/div>\n\t\t\t\t<\/div>\n\t\t\t\t<div class=\"elementor-element elementor-element-679b944 elementor-widget elementor-widget-image\" data-id=\"679b944\" data-element_type=\"widget\" data-widget_type=\"image.default\">\n\t\t\t\t<div class=\"elementor-widget-container\">\n\t\t\t<style>\/*! elementor - v3.16.0 - 09-10-2023 *\/\n.elementor-widget-image{text-align:center}.elementor-widget-image a{display:inline-block}.elementor-widget-image a img[src$=\".svg\"]{width:48px}.elementor-widget-image img{vertical-align:middle;display:inline-block}<\/style>\t\t\t\t\t\t\t\t\t\t\t\t<img loading=\"lazy\" decoding=\"async\" width=\"1024\" height=\"1024\" src=\"https:\/\/ecurieloschito.fr\/wp-content\/uploads\/2023\/11\/6C83B17F-EAC2-4A47-A465-2D1180067520-1024x1024.jpg\" class=\"attachment-large size-large wp-image-502\" alt=\"\" srcset=\"https:\/\/ecurieloschito.fr\/wp-content\/uploads\/2023\/11\/6C83B17F-EAC2-4A47-A465-2D1180067520-1024x1024.jpg 1024w, https:\/\/ecurieloschito.fr\/wp-content\/uploads\/2023\/11\/6C83B17F-EAC2-4A47-A465-2D1180067520-300x300.jpg 300w, https:\/\/ecurieloschito.fr\/wp-content\/uploads\/2023\/11\/6C83B17F-EAC2-4A47-A465-2D1180067520-150x150.jpg 150w, https:\/\/ecurieloschito.fr\/wp-content\/uploads\/2023\/11\/6C83B17F-EAC2-4A47-A465-2D1180067520-768x768.jpg 768w, https:\/\/ecurieloschito.fr\/wp-content\/uploads\/2023\/11\/6C83B17F-EAC2-4A47-A465-2D1180067520.jpg 1200w\" sizes=\"auto, (max-width: 1024px) 100vw, 1024px\" \/>\t\t\t\t\t\t\t\t\t\t\t\t\t\t\t<\/div>\n\t\t\t\t<\/div>\n\t\t\t\t<\/div>\n\t\t<div class=\"elementor-element elementor-element-8739df6 e-con-full e-flex e-con e-child\" data-id=\"8739df6\" data-element_type=\"container\" data-settings=\"{&quot;content_width&quot;:&quot;full&quot;}\">\n\t\t\t\t<div class=\"elementor-element elementor-element-07f08f0 elementor-widget elementor-widget-image\" data-id=\"07f08f0\" data-element_type=\"widget\" data-widget_type=\"image.default\">\n\t\t\t\t<div class=\"elementor-widget-container\">\n\t\t\t\t\t\t\t\t\t\t\t\t\t\t\t<img loading=\"lazy\" decoding=\"async\" width=\"1024\" height=\"646\" src=\"https:\/\/ecurieloschito.fr\/wp-content\/uploads\/2023\/11\/IMG_4237-1024x646.jpg\" class=\"attachment-large size-large wp-image-660\" alt=\"\" srcset=\"https:\/\/ecurieloschito.fr\/wp-content\/uploads\/2023\/11\/IMG_4237-1024x646.jpg 1024w, https:\/\/ecurieloschito.fr\/wp-content\/uploads\/2023\/11\/IMG_4237-300x189.jpg 300w, https:\/\/ecurieloschito.fr\/wp-content\/uploads\/2023\/11\/IMG_4237-768x484.jpg 768w, https:\/\/ecurieloschito.fr\/wp-content\/uploads\/2023\/11\/IMG_4237.jpg 1170w\" sizes=\"auto, (max-width: 1024px) 100vw, 1024px\" \/>\t\t\t\t\t\t\t\t\t\t\t\t\t\t\t<\/div>\n\t\t\t\t<\/div>\n\t\t\t\t<div class=\"elementor-element elementor-element-30abeb1 elementor-widget elementor-widget-text-editor\" data-id=\"30abeb1\" data-element_type=\"widget\" data-widget_type=\"text-editor.default\">\n\t\t\t\t<div class=\"elementor-widget-container\">\n\t\t\t\t\t\t\t<p><strong>NOTRE PARCOURS<\/strong><\/p><p>Apr\u00e8s des \u00e9tudes en \u00e9cole de commerce qui ont permis de d\u00e9velopper des comp\u00e9tences en gestion d&rsquo;entreprise, la route des nombreuses exp\u00e9riences \u00e9questres s&rsquo;est ouverte (depuis 2013).<\/p><p><strong>Sp\u00e9cialiste en \u00e9quitation \u00e9thologique<\/strong> apr\u00e8s plusieurs exp\u00e9riences en \u00e9curies sp\u00e9cialis\u00e9es (d\u00e9bourrages, r\u00e9\u00e9ducation) &#8211; Obtention du <strong>BFEE<\/strong><\/p><p><strong>Exp\u00e9rience en CSO<\/strong> apr\u00e8s diff\u00e9rentes maisons en tant que cavali\u00e8re maison chez des cavaliers Pro 1 et exp\u00e9rience personnelle en comp\u00e9tition.<\/p><p><strong>Exp\u00e9rience en Dressage<\/strong> notamment en comp\u00e9tition et en coaching.<\/p><p><strong>Enseignement<\/strong> sp\u00e9cialis\u00e9 en <strong>\u00e9quitation \u00e9thologique, saut d&rsquo;obstacle et dressage<\/strong>\u00a0&#8211; Obtention du <strong>BPJEPS<\/strong><\/p><p>Exp\u00e9riences vari\u00e9es dans les <strong>soins aux chevaux<\/strong> chez des cavaliers professionnels et des \u00e9curies de propri\u00e9taires haut de gamme o\u00f9 l&rsquo;<strong>\u00e9quitation \u00e9thique<\/strong> \u00e9tait de rigueur.<\/p><p>Blogueuse de la fili\u00e8re \u00e9quine, j&rsquo;ai \u00e9crit sur les sujets \u00e9quins qui me passionnent le plus.\u00a0 Retrouvez mes articles juste <a href=\"https:\/\/evacirefice.fr\/blog-monde-cheval\/\">ici<\/a>.<\/p><p>N&rsquo;h\u00e9sitez pas \u00e0 venir nous rencontrer en prenant nous <a href=\"https:\/\/ecurieloschito.fr\/index.php\/nous-contacter\/\">contactant<\/a> au pr\u00e9alable.<\/p>\t\t\t\t\t\t<\/div>\n\t\t\t\t<\/div>\n\t\t\t\t<\/div>\n\t\t\t\t\t<\/div>\n\t\t\t\t<\/div>\n\t\t<div class=\"elementor-element elementor-element-f38a246 e-flex e-con-boxed e-con e-parent\" data-id=\"f38a246\" data-element_type=\"container\" data-settings=\"{&quot;content_width&quot;:&quot;boxed&quot;}\" data-core-v316-plus=\"true\">\n\t\t\t\t\t<div class=\"e-con-inner\">\n\t\t\t\t<div class=\"elementor-element elementor-element-c694889 elementor-view-default elementor-widget elementor-widget-icon\" data-id=\"c694889\" data-element_type=\"widget\" data-widget_type=\"icon.default\">\n\t\t\t\t<div class=\"elementor-widget-container\">\n\t\t\t\t\t<div class=\"elementor-icon-wrapper\">\n\t\t\t<div class=\"elementor-icon\">\n\t\t\t<i aria-hidden=\"true\" class=\"fas fa-horse-head\"><\/i>\t\t\t<\/div>\n\t\t<\/div>\n\t\t\t\t<\/div>\n\t\t\t\t<\/div>\n\t\t\t\t\t<\/div>\n\t\t\t\t<\/div>\n\t\t\t\t\t\t\t<\/div>\n\t\t","protected":false},"excerpt":{"rendered":"<p>\u00e0 propos NOTRE VISION Le cheval est, a toujours \u00e9t\u00e9 et restera notre priorit\u00e9 dans chacun des choix que nous ferons.\u00a0 Dans nos diverses exp\u00e9riences de vie, nous avons trop souvent \u00e9t\u00e9 confront\u00e9s \u00e0 des situations dans lesquelles le cheval p\u00e2tissait soit de l&rsquo;ignorance des humains, soit pire encore, de son m\u00e9pris. Nous voulons aujourd&rsquo;hui&hellip;&nbsp;<a href=\"https:\/\/ecurieloschito.fr\/index.php\/a-propos\/\" class=\"\" rel=\"bookmark\">Lire la suite &raquo;<span class=\"screen-reader-text\">A propos<\/span><\/a><\/p>\n","protected":false},"author":1,"featured_media":0,"parent":0,"menu_order":0,"comment_status":"closed","ping_status":"closed","template":"page-templates\/template-pagebuilder-full-width.php","meta":{"neve_meta_sidebar":"","neve_meta_container":"","neve_meta_enable_content_width":"","neve_meta_content_width":0,"neve_meta_title_alignment":"","neve_meta_author_avatar":"","neve_post_elements_order":"","neve_meta_disable_header":"","neve_meta_disable_footer":"","neve_meta_disable_title":"","footnotes":""},"class_list":["post-397","page","type-page","status-publish","hentry"],"yoast_head":"<!-- This site is optimized with the Yoast SEO plugin v21.5 - https:\/\/yoast.com\/wordpress\/plugins\/seo\/ -->\n<title>A propos - Ecurie Lo Schito<\/title>\n<meta name=\"description\" content=\"Ecurie de propri\u00e9taires situ\u00e9e dans le Val de Marne, sp\u00e9cialis\u00e9e en \u00e9quitation \u00e9thologique et \u00e9thique o\u00f9 le bien-\u00eatre du cheval est la priorit\u00e9.\" \/>\n<meta name=\"robots\" content=\"index, follow, max-snippet:-1, max-image-preview:large, max-video-preview:-1\" \/>\n<link rel=\"canonical\" href=\"https:\/\/ecurieloschito.fr\/index.php\/a-propos\/\" \/>\n<meta property=\"og:locale\" content=\"fr_FR\" \/>\n<meta property=\"og:type\" content=\"article\" \/>\n<meta property=\"og:title\" content=\"A propos - Ecurie Lo Schito\" \/>\n<meta property=\"og:description\" content=\"Ecurie de propri\u00e9taires situ\u00e9e dans le Val de Marne, sp\u00e9cialis\u00e9e en \u00e9quitation \u00e9thologique et \u00e9thique o\u00f9 le bien-\u00eatre du cheval est la priorit\u00e9.\" \/>\n<meta property=\"og:url\" content=\"https:\/\/ecurieloschito.fr\/index.php\/a-propos\/\" \/>\n<meta property=\"og:site_name\" content=\"Ecurie Lo Schito\" \/>\n<meta property=\"article:publisher\" content=\"https:\/\/www.facebook.com\/profile.php?id=61553444738523\" \/>\n<meta property=\"article:modified_time\" content=\"2026-04-03T12:02:54+00:00\" \/>\n<meta property=\"og:image\" content=\"https:\/\/ecurieloschito.fr\/wp-content\/uploads\/2023\/11\/6C83B17F-EAC2-4A47-A465-2D1180067520-1024x1024.jpg\" \/>\n<meta name=\"twitter:card\" content=\"summary_large_image\" \/>\n<meta name=\"twitter:label1\" content=\"Dur\u00e9e de lecture estim\u00e9e\" \/>\n\t<meta name=\"twitter:data1\" content=\"3 minutes\" \/>\n<script type=\"application\/ld+json\" class=\"yoast-schema-graph\">{\"@context\":\"https:\/\/schema.org\",\"@graph\":[{\"@type\":\"WebPage\",\"@id\":\"https:\/\/ecurieloschito.fr\/index.php\/a-propos\/\",\"url\":\"https:\/\/ecurieloschito.fr\/index.php\/a-propos\/\",\"name\":\"A propos - Ecurie Lo Schito\",\"isPartOf\":{\"@id\":\"https:\/\/ecurieloschito.fr\/#website\"},\"datePublished\":\"2023-10-20T07:00:16+00:00\",\"dateModified\":\"2026-04-03T12:02:54+00:00\",\"description\":\"Ecurie de propri\u00e9taires situ\u00e9e dans le Val de Marne, sp\u00e9cialis\u00e9e en \u00e9quitation \u00e9thologique et \u00e9thique o\u00f9 le bien-\u00eatre du cheval est la priorit\u00e9.\",\"breadcrumb\":{\"@id\":\"https:\/\/ecurieloschito.fr\/index.php\/a-propos\/#breadcrumb\"},\"inLanguage\":\"fr-FR\",\"potentialAction\":[{\"@type\":\"ReadAction\",\"target\":[\"https:\/\/ecurieloschito.fr\/index.php\/a-propos\/\"]}]},{\"@type\":\"BreadcrumbList\",\"@id\":\"https:\/\/ecurieloschito.fr\/index.php\/a-propos\/#breadcrumb\",\"itemListElement\":[{\"@type\":\"ListItem\",\"position\":1,\"name\":\"Accueil\",\"item\":\"https:\/\/ecurieloschito.fr\/\"},{\"@type\":\"ListItem\",\"position\":2,\"name\":\"A propos\"}]},{\"@type\":\"WebSite\",\"@id\":\"https:\/\/ecurieloschito.fr\/#website\",\"url\":\"https:\/\/ecurieloschito.fr\/\",\"name\":\"Ecurie Lo Schito\",\"description\":\"Ecoute les chevaux, regarde les, et apprends ...\",\"publisher\":{\"@id\":\"https:\/\/ecurieloschito.fr\/#organization\"},\"potentialAction\":[{\"@type\":\"SearchAction\",\"target\":{\"@type\":\"EntryPoint\",\"urlTemplate\":\"https:\/\/ecurieloschito.fr\/?s={search_term_string}\"},\"query-input\":\"required name=search_term_string\"}],\"inLanguage\":\"fr-FR\"},{\"@type\":\"Organization\",\"@id\":\"https:\/\/ecurieloschito.fr\/#organization\",\"name\":\"Ecurie Lo Schito\",\"url\":\"https:\/\/ecurieloschito.fr\/\",\"logo\":{\"@type\":\"ImageObject\",\"inLanguage\":\"fr-FR\",\"@id\":\"https:\/\/ecurieloschito.fr\/#\/schema\/logo\/image\/\",\"url\":\"https:\/\/ecurieloschito.fr\/wp-content\/uploads\/2023\/11\/cropped-cropped-logo-rond-gris-fond-transparent.png\",\"contentUrl\":\"https:\/\/ecurieloschito.fr\/wp-content\/uploads\/2023\/11\/cropped-cropped-logo-rond-gris-fond-transparent.png\",\"width\":512,\"height\":512,\"caption\":\"Ecurie Lo Schito\"},\"image\":{\"@id\":\"https:\/\/ecurieloschito.fr\/#\/schema\/logo\/image\/\"},\"sameAs\":[\"https:\/\/www.facebook.com\/profile.php?id=61553444738523\",\"https:\/\/www.instagram.com\/ecurie.loschito\/\"]}]}<\/script>\n<!-- \/ Yoast SEO plugin. -->","yoast_head_json":{"title":"A propos - Ecurie Lo Schito","description":"Ecurie de propri\u00e9taires situ\u00e9e dans le Val de Marne, sp\u00e9cialis\u00e9e en \u00e9quitation \u00e9thologique et \u00e9thique o\u00f9 le bien-\u00eatre du cheval est la priorit\u00e9.","robots":{"index":"index","follow":"follow","max-snippet":"max-snippet:-1","max-image-preview":"max-image-preview:large","max-video-preview":"max-video-preview:-1"},"canonical":"https:\/\/ecurieloschito.fr\/index.php\/a-propos\/","og_locale":"fr_FR","og_type":"article","og_title":"A propos - Ecurie Lo Schito","og_description":"Ecurie de propri\u00e9taires situ\u00e9e dans le Val de Marne, sp\u00e9cialis\u00e9e en \u00e9quitation \u00e9thologique et \u00e9thique o\u00f9 le bien-\u00eatre du cheval est la priorit\u00e9.","og_url":"https:\/\/ecurieloschito.fr\/index.php\/a-propos\/","og_site_name":"Ecurie Lo Schito","article_publisher":"https:\/\/www.facebook.com\/profile.php?id=61553444738523","article_modified_time":"2026-04-03T12:02:54+00:00","og_image":[{"url":"https:\/\/ecurieloschito.fr\/wp-content\/uploads\/2023\/11\/6C83B17F-EAC2-4A47-A465-2D1180067520-1024x1024.jpg"}],"twitter_card":"summary_large_image","twitter_misc":{"Dur\u00e9e de lecture estim\u00e9e":"3 minutes"},"schema":{"@context":"https:\/\/schema.org","@graph":[{"@type":"WebPage","@id":"https:\/\/ecurieloschito.fr\/index.php\/a-propos\/","url":"https:\/\/ecurieloschito.fr\/index.php\/a-propos\/","name":"A propos - Ecurie Lo Schito","isPartOf":{"@id":"https:\/\/ecurieloschito.fr\/#website"},"datePublished":"2023-10-20T07:00:16+00:00","dateModified":"2026-04-03T12:02:54+00:00","description":"Ecurie de propri\u00e9taires situ\u00e9e dans le Val de Marne, sp\u00e9cialis\u00e9e en \u00e9quitation \u00e9thologique et \u00e9thique o\u00f9 le bien-\u00eatre du cheval est la priorit\u00e9.","breadcrumb":{"@id":"https:\/\/ecurieloschito.fr\/index.php\/a-propos\/#breadcrumb"},"inLanguage":"fr-FR","potentialAction":[{"@type":"ReadAction","target":["https:\/\/ecurieloschito.fr\/index.php\/a-propos\/"]}]},{"@type":"BreadcrumbList","@id":"https:\/\/ecurieloschito.fr\/index.php\/a-propos\/#breadcrumb","itemListElement":[{"@type":"ListItem","position":1,"name":"Accueil","item":"https:\/\/ecurieloschito.fr\/"},{"@type":"ListItem","position":2,"name":"A propos"}]},{"@type":"WebSite","@id":"https:\/\/ecurieloschito.fr\/#website","url":"https:\/\/ecurieloschito.fr\/","name":"Ecurie Lo Schito","description":"Ecoute les chevaux, regarde les, et apprends ...","publisher":{"@id":"https:\/\/ecurieloschito.fr\/#organization"},"potentialAction":[{"@type":"SearchAction","target":{"@type":"EntryPoint","urlTemplate":"https:\/\/ecurieloschito.fr\/?s={search_term_string}"},"query-input":"required name=search_term_string"}],"inLanguage":"fr-FR"},{"@type":"Organization","@id":"https:\/\/ecurieloschito.fr\/#organization","name":"Ecurie Lo Schito","url":"https:\/\/ecurieloschito.fr\/","logo":{"@type":"ImageObject","inLanguage":"fr-FR","@id":"https:\/\/ecurieloschito.fr\/#\/schema\/logo\/image\/","url":"https:\/\/ecurieloschito.fr\/wp-content\/uploads\/2023\/11\/cropped-cropped-logo-rond-gris-fond-transparent.png","contentUrl":"https:\/\/ecurieloschito.fr\/wp-content\/uploads\/2023\/11\/cropped-cropped-logo-rond-gris-fond-transparent.png","width":512,"height":512,"caption":"Ecurie Lo Schito"},"image":{"@id":"https:\/\/ecurieloschito.fr\/#\/schema\/logo\/image\/"},"sameAs":["https:\/\/www.facebook.com\/profile.php?id=61553444738523","https:\/\/www.instagram.com\/ecurie.loschito\/"]}]}},"_links":{"self":[{"href":"https:\/\/ecurieloschito.fr\/index.php\/wp-json\/wp\/v2\/pages\/397","targetHints":{"allow":["GET"]}}],"collection":[{"href":"https:\/\/ecurieloschito.fr\/index.php\/wp-json\/wp\/v2\/pages"}],"about":[{"href":"https:\/\/ecurieloschito.fr\/index.php\/wp-json\/wp\/v2\/types\/page"}],"author":[{"embeddable":true,"href":"https:\/\/ecurieloschito.fr\/index.php\/wp-json\/wp\/v2\/users\/1"}],"replies":[{"embeddable":true,"href":"https:\/\/ecurieloschito.fr\/index.php\/wp-json\/wp\/v2\/comments?post=397"}],"version-history":[{"count":43,"href":"https:\/\/ecurieloschito.fr\/index.php\/wp-json\/wp\/v2\/pages\/397\/revisions"}],"predecessor-version":[{"id":875,"href":"https:\/\/ecurieloschito.fr\/index.php\/wp-json\/wp\/v2\/pages\/397\/revisions\/875"}],"wp:attachment":[{"href":"https:\/\/ecurieloschito.fr\/index.php\/wp-json\/wp\/v2\/media?parent=397"}],"curies":[{"name":"wp","href":"https:\/\/api.w.org\/{rel}","templated":true}]}}